{"id":32642,"date":"2018-06-16T11:09:35","date_gmt":"2018-06-16T10:09:35","guid":{"rendered":"https:\/\/animais-avpl.com\/apoios-institucionais\/"},"modified":"2024-02-08T18:21:07","modified_gmt":"2024-02-08T17:21:07","slug":"institutional-support","status":"publish","type":"page","link":"https:\/\/animais-avpl.com\/en\/institutional-support\/","title":{"rendered":"Institutional Support"},"content":{"rendered":"<div class=\"wpb-content-wrapper\"><p>[vc_row][vc_column][vc_column_text]<\/p>\n<p style=\"text-align: center; font-size: 50px; font-family: 'Montserrat', sans-serif;\"><span style=\"font-weight: lighter;\">OS NOSSOS<\/span> <span style=\"font-weight: bold;\">APOIOS<\/span><\/p>\n<p>[\/vc_column_text]<div class=\"clearboth\"><\/div><style>#thegem-divider-69ea477768610 {margin-top: 30px !important;}#thegem-divider-69ea477768610 {margin-bottom: 30px !important;}<\/style><div id=\"thegem-divider-69ea477768610\" class=\"gem-divider  \" style=\"\" ><\/div>[vc_column_text]<\/p>\n<p style=\"text-align: center;\">A Animais contou sempre com o apoio de institui\u00e7\u00f5es que suportaram o desenvolvimento e produ\u00e7\u00e3o de variados projetos.<\/p>\n<p style=\"text-align: center;\">Deixamos aqui o nosso agradecimento aos que nos apoiam ou apoiaram.<\/p>\n<p>[\/vc_column_text]<div class=\"clearboth\"><\/div><style>#thegem-divider-69ea47776886d {margin-top: 30px !important;}#thegem-divider-69ea47776886d {margin-bottom: 30px !important;}<\/style><div id=\"thegem-divider-69ea47776886d\" class=\"gem-divider  \" style=\"\" ><\/div>[\/vc_column][\/vc_row][vc_row equal_height=&#8221;yes&#8221; content_placement=&#8221;middle&#8221;][vc_column width=&#8221;1\/3&#8243;][vc_column_text]<a href=\"https:\/\/www.portugal.gov.pt\" target=\"_blank\" rel=\"noopener\"><img class=\"alignnone wp-image-29560 \" src=\"https:\/\/animais-avpl.com\/wp-content\/uploads\/Estudio\/Apoios\/cultura.jpg\" alt=\"\" width=\"329\" height=\"163\" \/><\/a>[\/vc_column_text][\/vc_column][vc_column width=&#8221;1\/3&#8243;][vc_column_text]<a href=\"https:\/\/www.ica-ip.pt\/pt\/\" target=\"_blank\" rel=\"noopener\"><img class=\"alignnone size-full wp-image-29502\" src=\"https:\/\/animais-avpl.com\/wp-content\/uploads\/2021\/09\/ICA-horizontall.jpg\" alt=\"\" width=\"1920\" height=\"553\" \/><\/a>[\/vc_column_text][\/vc_column][vc_column width=&#8221;1\/3&#8243;][vc_column_text]<a href=\"https:\/\/www.rtp.pt\/\" target=\"_blank\" rel=\"noopener\"><img class=\"alignnone wp-image-29562 \" src=\"https:\/\/animais-avpl.com\/wp-content\/uploads\/Estudio\/Apoios\/rtp-horizontal.jpg\" alt=\"\" width=\"437\" height=\"96\" \/><\/a>[\/vc_column_text][\/vc_column][\/vc_row][vc_row equal_height=&#8221;yes&#8221;][vc_column width=&#8221;1\/3&#8243;][vc_column_text]<\/p>\n<p style=\"text-align: center;\">O Minist\u00e9rio da Cultura constitui o agrupamento dos servi\u00e7os, organismos e estruturas sob a superintend\u00eancia do ministro da Cultura.<\/p>\n<p>[\/vc_column_text][\/vc_column][vc_column width=&#8221;1\/3&#8243;][vc_column_text]<\/p>\n<p style=\"text-align: center;\">O Instituto do Cinema e do Audiovisual, I. P. &#8211; ICA, I. P., \u00e9 um instituto p\u00fablico que tem por miss\u00e3o apoiar o desenvolvimento das atividades cinematogr\u00e1ficas e audiovisuais.<\/p>\n<p>[\/vc_column_text][\/vc_column][vc_column width=&#8221;1\/3&#8243;][vc_column_text]<\/p>\n<p style=\"text-align: center;\">A R\u00e1dio e Televis\u00e3o de Portugal (RTP) \u00e9 uma empresa p\u00fablica portuguesa que inclui esta\u00e7\u00f5es de r\u00e1dio e televis\u00e3o p\u00fablicas.<\/p>\n<p>[\/vc_column_text][\/vc_column][\/vc_row]<\/p>\n<\/div>","protected":false},"excerpt":{"rendered":"<p>[vc_row][vc_column][vc_column_text] OS NOSSOS APOIOS [\/vc_column_text][vc_column_text] A Animais contou sempre com o apoio de institui\u00e7\u00f5es que suportaram o desenvolvimento e produ\u00e7\u00e3o&#8230;<\/p>\n","protected":false},"author":2,"featured_media":0,"parent":0,"menu_order":5,"comment_status":"closed","ping_status":"closed","template":"","meta":{"_acf_changed":false,"footnotes":""},"class_list":["post-32642","page","type-page","status-publish"],"acf":[],"_links":{"self":[{"href":"https:\/\/animais-avpl.com\/en\/wp-json\/wp\/v2\/pages\/32642"}],"collection":[{"href":"https:\/\/animais-avpl.com\/en\/wp-json\/wp\/v2\/pages"}],"about":[{"href":"https:\/\/animais-avpl.com\/en\/wp-json\/wp\/v2\/types\/page"}],"author":[{"embeddable":true,"href":"https:\/\/animais-avpl.com\/en\/wp-json\/wp\/v2\/users\/2"}],"replies":[{"embeddable":true,"href":"https:\/\/animais-avpl.com\/en\/wp-json\/wp\/v2\/comments?post=32642"}],"version-history":[{"count":1,"href":"https:\/\/animais-avpl.com\/en\/wp-json\/wp\/v2\/pages\/32642\/revisions"}],"predecessor-version":[{"id":32643,"href":"https:\/\/animais-avpl.com\/en\/wp-json\/wp\/v2\/pages\/32642\/revisions\/32643"}],"wp:attachment":[{"href":"https:\/\/animais-avpl.com\/en\/wp-json\/wp\/v2\/media?parent=32642"}],"curies":[{"name":"wp","href":"https:\/\/api.w.org\/{rel}","templated":true}]}}