{"id":32640,"date":"2018-06-17T18:54:52","date_gmt":"2018-06-17T17:54:52","guid":{"rendered":"https:\/\/animais-avpl.com\/politica-de-privacidade\/"},"modified":"2024-02-08T18:23:30","modified_gmt":"2024-02-08T17:23:30","slug":"privacy-policy","status":"publish","type":"page","link":"https:\/\/animais-avpl.com\/en\/privacy-policy\/","title":{"rendered":"Privacy Policy"},"content":{"rendered":"<div class=\"wpb-content-wrapper\"><p>[vc_row][vc_column][vc_column_text]<\/p>\n<p style=\"text-align: center; font-size: 40px; font-family: 'Montserrat', sans-serif;\"><span style=\"font-weight: lighter;\">Termos da <\/span><span style=\"font-weight: bold;\"> Pol\u00edtica de privacidade<\/span><span style=\"font-weight: lighter;\"> da Animais<\/span><\/p>\n<p>[\/vc_column_text]<div class=\"clearboth\"><\/div><style>#thegem-divider-69ea41fe1e859 {margin-top: 30px !important;}#thegem-divider-69ea41fe1e859 {margin-bottom: 30px !important;}<\/style><div id=\"thegem-divider-69ea41fe1e859\" class=\"gem-divider  \" style=\"\" ><\/div>[vc_column_text]<\/p>\n<p style=\"text-align: center; font-size: 20px; font-family: 'Montserrat', sans-serif;\"><span style=\"font-weight: lighter;\">A Animais-avpl est\u00e1 dedicada a proteger a sua privacidade.<\/span><\/p>\n<p>[\/vc_column_text][vc_column_text]<\/p>\n<p style=\"text-align: center; font-size: 20px; font-family: 'Montserrat', sans-serif;\"><span style=\"font-weight: lighter;\"> Leia a nossa Pol\u00edtica de privacidade para perceber melhor como tratamos as suas informa\u00e7\u00f5es.<\/span><\/p>\n<p>[\/vc_column_text]<div class=\"clearboth\"><\/div><style>#thegem-divider-69ea41fe1eab4 {margin-top: 30px !important;}#thegem-divider-69ea41fe1eab4 {margin-bottom: 30px !important;}<\/style><div id=\"thegem-divider-69ea41fe1eab4\" class=\"gem-divider  \" style=\"\" ><\/div>[vc_column_text]I am text block. Click edit button to change this text. Lorem ipsum dolor sit amet, consectetur adipiscing elit. Ut elit tellus, luctus nec ullamcorper mattis, pulvinar dapibus leo.[\/vc_column_text][\/vc_column][\/vc_row]<\/p>\n<\/div>","protected":false},"excerpt":{"rendered":"<p>[vc_row][vc_column][vc_column_text] Termos da Pol\u00edtica de privacidade da Animais [\/vc_column_text][vc_column_text] A Animais-avpl est\u00e1 dedicada a proteger a sua privacidade. [\/vc_column_text][vc_column_text] Leia&#8230;<\/p>\n","protected":false},"author":2,"featured_media":0,"parent":0,"menu_order":9999,"comment_status":"closed","ping_status":"closed","template":"","meta":{"_acf_changed":false,"footnotes":""},"class_list":["post-32640","page","type-page","status-publish"],"acf":[],"_links":{"self":[{"href":"https:\/\/animais-avpl.com\/en\/wp-json\/wp\/v2\/pages\/32640"}],"collection":[{"href":"https:\/\/animais-avpl.com\/en\/wp-json\/wp\/v2\/pages"}],"about":[{"href":"https:\/\/animais-avpl.com\/en\/wp-json\/wp\/v2\/types\/page"}],"author":[{"embeddable":true,"href":"https:\/\/animais-avpl.com\/en\/wp-json\/wp\/v2\/users\/2"}],"replies":[{"embeddable":true,"href":"https:\/\/animais-avpl.com\/en\/wp-json\/wp\/v2\/comments?post=32640"}],"version-history":[{"count":0,"href":"https:\/\/animais-avpl.com\/en\/wp-json\/wp\/v2\/pages\/32640\/revisions"}],"wp:attachment":[{"href":"https:\/\/animais-avpl.com\/en\/wp-json\/wp\/v2\/media?parent=32640"}],"curies":[{"name":"wp","href":"https:\/\/api.w.org\/{rel}","templated":true}]}}