{"id":32622,"date":"2018-06-16T11:09:37","date_gmt":"2018-06-16T10:09:37","guid":{"rendered":"https:\/\/animais-avpl.com\/contactos\/"},"modified":"2024-03-20T02:49:03","modified_gmt":"2024-03-20T01:49:03","slug":"contacts","status":"publish","type":"page","link":"https:\/\/animais-avpl.com\/en\/contacts\/","title":{"rendered":"Contacts"},"content":{"rendered":"<div class=\"wpb-content-wrapper\"><p>[vc_row full_width=&#8221;stretch_row_content_no_spaces&#8221; content_placement=&#8221;middle&#8221; css=&#8221;.vc_custom_1529259854808{margin-top: -135px !important;}&#8221;][vc_column][vc_gmaps link=&#8221;#E-8_JTNDaWZyYW1lJTIwc3JjJTNEJTIyaHR0cHMlM0ElMkYlMkZ3d3cuZ29vZ2xlLmNvbSUyRm1hcHMlMkZkJTJGZW1iZWQlM0ZtaWQlM0QxTXpuNkxqVkNQUzRHMHlzaEhlTWYwSmRBTW5sd1BWWXklMjIlMjAlMjB3aWR0aCUzRCUyMjEwMCUyNSUyMiUyMGhlaWdodCUzRCUyMjQ4MHB4JTIyJTNFJTNDJTJGaWZyYW1lJTNF&#8221; size=&#8221;480px&#8221; hide_title=&#8221;1&#8243; disable_scroll=&#8221;1&#8243;][\/vc_column][\/vc_row][vc_row css=&#8221;.vc_custom_1529271736617{margin-top: 50px !important;}&#8221;][vc_column css=&#8221;.vc_custom_1529271521954{padding-top: 30px !important;padding-bottom: 30px !important;}&#8221;][vc_column_text]<\/p>\n<p style=\"text-align: center; line-height: 50px; font-size: 50px; font-family: 'Montserrat', sans-serif;\"><span style=\"font-weight: lighter;\">INFORMATION FOR<\/span> <span style=\"font-weight: bold;\">CONTACTS<\/span><\/p>\n<p>[\/vc_column_text][vc_row_inner equal_height=&#8221;yes&#8221; css=&#8221;.vc_custom_1529271939064{margin-top: 50px !important;}&#8221;][vc_column_inner width=&#8221;1\/4&#8243; css=&#8221;.vc_custom_1529271408542{background-color: #ffa30b !important;}&#8221;]<div class=\"gem-textbox  centered-box\"  ><div class=\"gem-textbox-inner\" style=\"\"><div class=\"gem-textbox-title\" style=\"color: #ffffff;\"><div class=\"gem-textbox-title-icon\"><div class=\"gem-icon gem-icon-pack-material gem-icon-size-medium  gem-icon-shape-square gem-simple-icon\"  style=\"opacity: 1;\"><div class=\"gem-icon-inner\" style=\"\"><span class=\"gem-icon-half-1\" style=\"color: #ffffff;\"><span class=\"back-angle\">&#xf3e3;<\/span><\/span><span class=\"gem-icon-half-2\" style=\"color: #ffffff;\"><span class=\"back-angle\">&#xf3e3;<\/span><\/span><\/div><\/div><\/div><\/div><div class=\"gem-textbox-content\" style=\"color: #ffffff;background-position: center center;\">[vc_column_text]<\/p>\n<p style=\"text-align: center; font-size: 24px; color: #ffffff;\"><span style=\"color: #ffffff;\">ADDRESS<\/span><\/p>\n<p style=\"text-align: center; font-size: 16px;\"><span style=\"color: #ffffff;\">Rua do Zambeze, 199-203<br \/>\n4250-504, Porto, Portugal<\/span><\/p>\n<p>[\/vc_column_text]<\/div><\/div><\/div>[\/vc_column_inner][vc_column_inner width=&#8221;1\/4&#8243; css=&#8221;.vc_custom_1529271393862{background-color: #ffb716 !important;}&#8221;]<div class=\"gem-textbox  centered-box\"  ><div class=\"gem-textbox-inner\" style=\"\"><div class=\"gem-textbox-title\" style=\"color: #ffffff;\"><div class=\"gem-textbox-title-icon\"><div class=\"gem-icon gem-icon-pack-material gem-icon-size-medium  gem-icon-shape-square gem-simple-icon\"  style=\"opacity: 1;\"><div class=\"gem-icon-inner\" style=\"\"><span class=\"gem-icon-half-1\" style=\"color: #ffffff;\"><span class=\"back-angle\">&#xf477;<\/span><\/span><span class=\"gem-icon-half-2\" style=\"color: #ffffff;\"><span class=\"back-angle\">&#xf477;<\/span><\/span><\/div><\/div><\/div><\/div><div class=\"gem-textbox-content\" style=\"color: #ffffff;background-position: center center;\">[vc_column_text]<\/p>\n<p style=\"text-align: center; font-size: 24px; color: #ffffff;\">PHONE<\/p>\n<p style=\"text-align: center; font-size: 16px;\"><span style=\"color: #ffffff;\">(351) 221 176 240<\/span><\/p>\n<p style=\"text-align: center; font-size: 16px;\"><span style=\"color: #ffffff;\">(351) 252 049 715<\/span><\/p>\n<p>[\/vc_column_text]<\/div><\/div><\/div>[\/vc_column_inner][vc_column_inner width=&#8221;1\/4&#8243; css=&#8221;.vc_custom_1529271378966{background-color: #ffc816 !important;}&#8221;]<div class=\"gem-textbox  centered-box\"  ><div class=\"gem-textbox-inner\" style=\"\"><div class=\"gem-textbox-title\" style=\"color: #ffffff;\"><div class=\"gem-textbox-title-icon\"><div class=\"gem-icon gem-icon-pack-material gem-icon-size-medium  gem-icon-shape-square gem-simple-icon\"  style=\"opacity: 1;\"><div class=\"gem-icon-inner\" style=\"\"><span class=\"gem-icon-half-1\" style=\"color: #ffffff;\"><span class=\"back-angle\">&#xf1f3;<\/span><\/span><span class=\"gem-icon-half-2\" style=\"color: #ffffff;\"><span class=\"back-angle\">&#xf1f3;<\/span><\/span><\/div><\/div><\/div><\/div><div class=\"gem-textbox-content\" style=\"color: #ffffff;background-position: center center;\">[vc_column_text]<\/p>\n<p style=\"text-align: center; font-size: 24px; color: #ffffff;\">MOBILE<\/p>\n<p style=\"text-align: center; font-size: 16px;\"><span style=\"color: #ffffff;\">(351) 937 590 977<\/span><\/p>\n<p style=\"text-align: center; font-size: 16px;\"><span style=\"color: #ffffff;\">(351) 960 232 137<\/span><\/p>\n<p>[\/vc_column_text]<\/div><\/div><\/div>[\/vc_column_inner][vc_column_inner width=&#8221;1\/4&#8243; css=&#8221;.vc_custom_1529271357042{background-color: #ffd70e !important;}&#8221;]<div class=\"gem-textbox  centered-box\"  ><div class=\"gem-textbox-inner\" style=\"\"><div class=\"gem-textbox-title\" style=\"color: #ffffff;\"><div class=\"gem-textbox-title-icon\"><div class=\"gem-icon gem-icon-pack-material gem-icon-size-medium  gem-icon-shape-square gem-simple-icon\"  style=\"opacity: 1;\"><div class=\"gem-icon-inner\" style=\"\"><span class=\"gem-icon-half-1\" style=\"color: #ffffff;\"><span class=\"back-angle\">&#xf5d1;<\/span><\/span><span class=\"gem-icon-half-2\" style=\"color: #ffffff;\"><span class=\"back-angle\">&#xf5d1;<\/span><\/span><\/div><\/div><\/div><\/div><div class=\"gem-textbox-content\" style=\"color: #ffffff;background-position: center center;\">[vc_column_text]<\/p>\n<p style=\"text-align: center; font-size: 24px; color: #ffffff;\">WEB<\/p>\n<p style=\"text-align: center; font-size: 16px;\"><a href=\"mailto:geral@animais-avpl.com\"><span style=\"color: #ffffff;\">geral@animais-avpl.com<\/span><\/a><\/p>\n<p style=\"text-align: center; font-size: 16px;\"><a href=\"https:\/\/www.animais-avpl.com\"><span style=\"color: #ffffff;\">www.animais-avpl.com<\/span><\/a><\/p>\n<p>[\/vc_column_text]<\/div><\/div><\/div>[\/vc_column_inner][\/vc_row_inner][\/vc_column][\/vc_row][vc_row css=&#8221;.vc_custom_1529280962507{margin-top: 75px !important;}&#8221;][vc_column][vc_text_separator title_level=&#8221;styled-subtitle&#8221; title=&#8221;HOR\u00c1RIO&#8221; color=&#8221;custom&#8221; style=&#8221;double&#8221; accent_color=&#8221;#f7d600&#8243; el_class=&#8221;sepHORARIO&#8221;]<div class=\"clearboth\"><\/div><style>#thegem-divider-69ea48f3382e5 {margin-top: 30px !important;}#thegem-divider-69ea48f3382e5 {margin-bottom: 30px !important;}<\/style><div id=\"thegem-divider-69ea48f3382e5\" class=\"gem-divider  \" style=\"\" ><\/div>[vc_row_inner][vc_column_inner width=&#8221;1\/2&#8243;]<div class=\"gem-textbox \"  ><div class=\"gem-textbox-top gem-textbox-top-note-1\"><svg width=\"100%\" height=\"31\" style=\"fill: #ffe100;\"><defs><pattern id=\"pattern-1776961779-4\" x=\"11\" y=\"0\" width=\"23\" height=\"32\" patternUnits=\"userSpaceOnUse\" ><path d=\"M20,9h3V0H0v9h3c2.209,0,4,1.791,4,4v6c0,2.209-1.791,4-4,4H0v9h23v-9h-3c-2.209,0-4-1.791-4-4v-6C16,10.791,17.791,9,20,9z\" \/><\/pattern><\/defs><rect x=\"0\" y=\"0\" width=\"100%\" height=\"32\" style=\"fill: url(#pattern-1776961779-4);\" \/><\/svg><\/div><div class=\"gem-textbox-inner\" style=\"\"><div class=\"gem-textbox-content\" style=\"background-color: #ffe100;background-position: center top;\"><div class=\"gem-icon-with-text gem-icon-with-text-icon-size-large centered-box\" ><div style=\"margin-bottom:0px;margin-top:0px; \" class=\"gem-icon-with-text-icon\"><div class=\"gem-icon gem-icon-pack-elegant gem-icon-size-large  gem-icon-shape-square gem-simple-icon\"  style=\"opacity: 1;\"><div class=\"gem-icon-inner\" style=\"\"><span class=\"gem-icon-half-1\" style=\"color: #282318;\"><span class=\"back-angle\">&#xe023;<\/span><\/span><span class=\"gem-icon-half-2\" style=\"color: #282318;\"><span class=\"back-angle\">&#xe023;<\/span><\/span><\/div><\/div><\/div><div class=\"gem-icon-with-text-content\" ><div class=\"gem-icon-with-text-text\">[vc_column_text css=&#8221;.vc_custom_1529577743879{margin-top: -52px !important;}&#8221;]<\/p>\n<p style=\"text-align: center;\"><span style=\"color: #282318;\"><strong>SEG-SEX<\/strong><\/span><\/p>\n<p>[\/vc_column_text]<\/div><\/div><div class=\"clearboth\"><\/div><\/div>[vc_separator color=&#8221;custom&#8221; el_width=&#8221;30&#8243; accent_color=&#8221;#282318&#8243; css=&#8221;.vc_custom_1529577755558{margin-top: 70px !important;margin-bottom: 70px !important;}&#8221;][vc_column_text]<\/p>\n<p style=\"text-align: center; color: #ffdb0e; font-size: 24px;\"><span style=\"color: #282318;\"><strong>10:00 \u2013 19:00<\/strong><\/span><\/p>\n<p>[\/vc_column_text]<div class=\"clearboth\"><\/div><div id=\"thegem-divider-69ea48f338757\" class=\"gem-divider  \" style=\"\" ><\/div><\/div><\/div><\/div>[\/vc_column_inner][vc_column_inner width=&#8221;1\/2&#8243;]<div class=\"gem-textbox  centered-box\"  ><div class=\"gem-textbox-top gem-textbox-top-note-1\"><svg width=\"100%\" height=\"31\" style=\"fill: #ffe100;\"><defs><pattern id=\"pattern-1776961779-43\" x=\"11\" y=\"0\" width=\"23\" height=\"32\" patternUnits=\"userSpaceOnUse\" ><path d=\"M20,9h3V0H0v9h3c2.209,0,4,1.791,4,4v6c0,2.209-1.791,4-4,4H0v9h23v-9h-3c-2.209,0-4-1.791-4-4v-6C16,10.791,17.791,9,20,9z\" \/><\/pattern><\/defs><rect x=\"0\" y=\"0\" width=\"100%\" height=\"32\" style=\"fill: url(#pattern-1776961779-43);\" \/><\/svg><\/div><div class=\"gem-textbox-inner\" style=\"\"><div class=\"gem-textbox-content\" style=\"background-color: #ffe100;background-position: center center;\"><div class=\"gem-icon-with-text gem-icon-with-text-icon-size-large centered-box\" ><div style=\"margin-bottom:0px;margin-top:0px; \" class=\"gem-icon-with-text-icon\"><div class=\"gem-icon gem-icon-pack-elegant gem-icon-size-large  gem-icon-shape-square gem-simple-icon\"  style=\"opacity: 1;\"><div class=\"gem-icon-inner\" style=\"\"><span class=\"gem-icon-half-1\" style=\"color: #282318;\"><span class=\"back-angle\">&#xe023;<\/span><\/span><span class=\"gem-icon-half-2\" style=\"color: #282318;\"><span class=\"back-angle\">&#xe023;<\/span><\/span><\/div><\/div><\/div><div class=\"gem-icon-with-text-content\" ><div class=\"gem-icon-with-text-text\">[vc_column_text css=&#8221;.vc_custom_1529577729023{margin-top: -52px !important;}&#8221;]<\/p>\n<p style=\"text-align: center;\"><span style=\"color: #282318;\"><strong>SAB-DOM<\/strong><\/span><\/p>\n<p>[\/vc_column_text]<\/div><\/div><div class=\"clearboth\"><\/div><\/div>[vc_separator color=&#8221;custom&#8221; el_width=&#8221;30&#8243; accent_color=&#8221;#282318&#8243; css=&#8221;.vc_custom_1529577763420{margin-top: 70px !important;margin-bottom: 70px !important;}&#8221;][vc_column_text]<\/p>\n<p style=\"text-align: center; color: #ffdb0e; font-size: 24px;\"><span style=\"color: #282318;\"><strong>CLOSED<\/strong><\/span><\/p>\n<p>[\/vc_column_text]<div class=\"clearboth\"><\/div><div id=\"thegem-divider-69ea48f3388af\" class=\"gem-divider  \" style=\"\" ><\/div><\/div><\/div><\/div>[\/vc_column_inner][\/vc_row_inner][\/vc_column][\/vc_row][vc_row full_width=&#8221;stretch_row&#8221; css=&#8221;.vc_custom_1529577458588{margin-top: 75px !important;margin-bottom: 75px !important;padding-top: 45px !important;padding-bottom: 45px !important;background-color: #282318 !important;}&#8221; el_class=&#8221;baannngNIF&#8221;][vc_column]<div class=\"gem-textbox  centered-box\"  ><div class=\"gem-textbox-inner\" style=\"border-top-left-radius: 100px;border-top-right-radius: 100px;border-bottom-right-radius: 100px;border-bottom-left-radius: 100px;\"><div class=\"gem-textbox-content\" style=\"background-color: #ffe100;background-position: center center;\">[vc_column_text]<\/p>\n<p style=\"text-align: center; line-height: 50px; font-size: 40px; font-family: 'Montserrat', sans-serif;\"><span style=\"font-weight: lighter;\">NIF<\/span> PT <span style=\"font-weight: bold;\">502 539 275<\/span><\/p>\n<p>[\/vc_column_text]<\/div><\/div><\/div>[\/vc_column][\/vc_row][vc_row][vc_column]<div class=\"centered-box\"><div class=\"gem-icon gem-icon-pack-elegant gem-icon-size-xlarge  gem-icon-shape-hexagon\"  style=\"border-color: #ffe100;opacity: 1;\"><div class=\"gem-icon-shape-hexagon-back\"><div class=\"gem-icon-shape-hexagon-back-inner\"><div class=\"gem-icon-shape-hexagon-back-inner-before\" style=\"background-color: #ffe100\"><\/div><\/div><\/div><div class=\"gem-icon-shape-hexagon-top\"><div class=\"gem-icon-shape-hexagon-top-inner\"><div class=\"gem-icon-shape-hexagon-top-inner-before\" style=\"\"><\/div><\/div><\/div><div class=\"gem-icon-inner\" style=\"\"><span class=\"gem-icon-half-1\" style=\"color: #000000;\"><span class=\"back-angle\">&#xe104;<\/span><\/span><span class=\"gem-icon-half-2\" style=\"color: #000000;\"><span class=\"back-angle\">&#xe104;<\/span><\/span><\/div><\/div><\/div><div class=\"clearboth\"><\/div><style>#thegem-divider-69ea48f338961 {margin-top: 40px !important;}#thegem-divider-69ea48f338961 {margin-bottom: 40px !important;}<\/style><div id=\"thegem-divider-69ea48f338961\" class=\"gem-divider  \" style=\"\" ><\/div>[vc_column_text]<\/p>\n<p style=\"text-align: center; line-height: 50px; font-size: 50px; font-family: 'Montserrat', sans-serif;\"><span style=\"font-weight: lighter;\">DEIXE-NOS<\/span> <span style=\"font-weight: bold;\">UMA MENSAGEM<\/span><\/p>\n<p>[\/vc_column_text]<div class=\"clearboth\"><\/div><style>#thegem-divider-69ea48f33898b {margin-top: 40px !important;}#thegem-divider-69ea48f33898b {margin-bottom: 40px !important;}<\/style><div id=\"thegem-divider-69ea48f33898b\" class=\"gem-divider  \" style=\"\" ><\/div>[vc_column_text]<\/p>\n<p style=\"text-align: center; font-size: 16px;\">Contacte-nos para qualquer esclarecimento relacionado com a atividade da Animais AVPL.<\/p>\n<p style=\"text-align: center; font-size: 16px;\">A nossa equipa ir\u00e1 responder \u00e0s suas quest\u00f5es o mais rapidamente poss\u00edvel.<\/p>\n<p>[\/vc_column_text]<div class=\"clearboth\"><\/div><style>#thegem-divider-69ea48f3389b0 {margin-top: 40px !important;}#thegem-divider-69ea48f3389b0 {margin-bottom: 40px !important;}<\/style><div id=\"thegem-divider-69ea48f3389b0\" class=\"gem-divider  \" style=\"\" ><\/div>[vc_row_inner][vc_column_inner width=&#8221;1\/3&#8243; el_id=&#8221;baannng_contactos_produtor_box&#8221;]<div class=\"gem-textbox \"  ><div class=\"gem-textbox-inner\" style=\"\"><div class=\"gem-textbox-content\" style=\"color: #282318;background-position: left top;\">[vc_single_image image=&#8221;28976&#8243; img_size=&#8221;150&#215;150&#8243; style=&#8221;vc_box_circle_2&#8243;]<div class=\"clearboth\"><\/div><style>#thegem-divider-69ea48f338a69 {margin-top: 30px !important;}#thegem-divider-69ea48f338a69 {margin-bottom: 30px !important;}<\/style><div id=\"thegem-divider-69ea48f338a69\" class=\"gem-divider  \" style=\"\" ><\/div>[vc_column_text el_id=&#8221;baannng_contactos_produtor_contacto&#8221;]Davide Freitas[\/vc_column_text]<div class=\"clearboth\"><\/div><div id=\"thegem-divider-69ea48f338a9a\" class=\"gem-divider  \" style=\"\" ><\/div>[vc_column_text el_id=&#8221;baannng_contactos_produtor_nome&#8221;]Producer[\/vc_column_text]<\/div><\/div><\/div>[\/vc_column_inner][vc_column_inner width=&#8221;2\/3&#8243; el_id=&#8221;baannng_contactos_formulario&#8221;]\n<div class=\"wpcf7 no-js\" id=\"wpcf7-f32624-o1\" lang=\"en-US\" dir=\"ltr\">\n<div class=\"screen-reader-response\"><p role=\"status\" aria-live=\"polite\" aria-atomic=\"true\"><\/p> <ul><\/ul><\/div>\n<form action=\"\/en\/wp-json\/wp\/v2\/pages\/32622#wpcf7-f32624-o1\" method=\"post\" class=\"wpcf7-form init\" aria-label=\"Contact form\" novalidate=\"novalidate\" data-status=\"init\">\n<div style=\"display: none;\">\n<input type=\"hidden\" name=\"_wpcf7\" value=\"32624\" \/>\n<input type=\"hidden\" name=\"_wpcf7_version\" value=\"5.9.8\" \/>\n<input type=\"hidden\" name=\"_wpcf7_locale\" value=\"en_US\" \/>\n<input type=\"hidden\" name=\"_wpcf7_unit_tag\" value=\"wpcf7-f32624-o1\" \/>\n<input type=\"hidden\" name=\"_wpcf7_container_post\" value=\"0\" \/>\n<input type=\"hidden\" name=\"_wpcf7_posted_data_hash\" value=\"\" \/>\n<input type=\"hidden\" name=\"_wpcf7_recaptcha_response\" value=\"\" \/>\n<\/div>\n<span class=\"wpcf7-form-control-wrap\" data-name=\"Nome\"><input size=\"40\" maxlength=\"400\" class=\"wpcf7-form-control wpcf7-text wpcf7-validates-as-required\" id=\"baannngCONTNOMEFORM\" aria-required=\"true\" aria-invalid=\"false\" placeholder=\"Name\" value=\"\" type=\"text\" name=\"Nome\" \/><\/span>\n\n<span class=\"wpcf7-form-control-wrap\" data-name=\"Email\"><input size=\"40\" maxlength=\"400\" class=\"wpcf7-form-control wpcf7-email wpcf7-validates-as-required wpcf7-text wpcf7-validates-as-email\" id=\"baannngCONTMAILFORM\" aria-required=\"true\" aria-invalid=\"false\" placeholder=\"Email\" value=\"\" type=\"email\" name=\"Email\" \/><\/span>\n\n<span class=\"wpcf7-form-control-wrap\" data-name=\"Mensagem\"><textarea cols=\"40\" rows=\"10\" maxlength=\"2000\" class=\"wpcf7-form-control wpcf7-textarea\" id=\"baannngCONTMSGFORM\" aria-invalid=\"false\" placeholder=\"Message\" name=\"Mensagem\"><\/textarea><\/span>\n\n<input class=\"wpcf7-form-control wpcf7-submit has-spinner\" id=\"baannngCONTSENDFORM\" type=\"submit\" value=\"Send\" \/><p style=\"display: none !important;\" class=\"akismet-fields-container\" data-prefix=\"_wpcf7_ak_\"><label>&#916;<textarea name=\"_wpcf7_ak_hp_textarea\" cols=\"45\" rows=\"8\" maxlength=\"100\"><\/textarea><\/label><input type=\"hidden\" id=\"ak_js_1\" name=\"_wpcf7_ak_js\" value=\"22\"\/><script>document.getElementById( \"ak_js_1\" ).setAttribute( \"value\", ( new Date() ).getTime() );<\/script><\/p><div class=\"wpcf7-response-output\" aria-hidden=\"true\"><\/div>\n<\/form>\n<\/div>\n[\/vc_column_inner][\/vc_row_inner][\/vc_column][\/vc_row]<\/p>\n<\/div>","protected":false},"excerpt":{"rendered":"<p>[vc_row full_width=&#8221;stretch_row_content_no_spaces&#8221; content_placement=&#8221;middle&#8221; css=&#8221;.vc_custom_1529259854808{margin-top: -135px !important;}&#8221;][vc_column][vc_gmaps link=&#8221;#E-8_JTNDaWZyYW1lJTIwc3JjJTNEJTIyaHR0cHMlM0ElMkYlMkZ3d3cuZ29vZ2xlLmNvbSUyRm1hcHMlMkZkJTJGZW1iZWQlM0ZtaWQlM0QxTXpuNkxqVkNQUzRHMHlzaEhlTWYwSmRBTW5sd1BWWXklMjIlMjAlMjB3aWR0aCUzRCUyMjEwMCUyNSUyMiUyMGhlaWdodCUzRCUyMjQ4MHB4JTIyJTNFJTNDJTJGaWZyYW1lJTNF&#8221; size=&#8221;480px&#8221; hide_title=&#8221;1&#8243; disable_scroll=&#8221;1&#8243;][\/vc_column][\/vc_row][vc_row css=&#8221;.vc_custom_1529271736617{margin-top: 50px !important;}&#8221;][vc_column css=&#8221;.vc_custom_1529271521954{padding-top: 30px !important;padding-bottom: 30px !important;}&#8221;][vc_column_text] INFORMATION FOR&#8230;<\/p>\n","protected":false},"author":2,"featured_media":0,"parent":0,"menu_order":2,"comment_status":"closed","ping_status":"closed","template":"","meta":{"_acf_changed":false,"footnotes":""},"class_list":["post-32622","page","type-page","status-publish"],"acf":[],"_links":{"self":[{"href":"https:\/\/animais-avpl.com\/en\/wp-json\/wp\/v2\/pages\/32622"}],"collection":[{"href":"https:\/\/animais-avpl.com\/en\/wp-json\/wp\/v2\/pages"}],"about":[{"href":"https:\/\/animais-avpl.com\/en\/wp-json\/wp\/v2\/types\/page"}],"author":[{"embeddable":true,"href":"https:\/\/animais-avpl.com\/en\/wp-json\/wp\/v2\/users\/2"}],"replies":[{"embeddable":true,"href":"https:\/\/animais-avpl.com\/en\/wp-json\/wp\/v2\/comments?post=32622"}],"version-history":[{"count":1,"href":"https:\/\/animais-avpl.com\/en\/wp-json\/wp\/v2\/pages\/32622\/revisions"}],"predecessor-version":[{"id":32623,"href":"https:\/\/animais-avpl.com\/en\/wp-json\/wp\/v2\/pages\/32622\/revisions\/32623"}],"wp:attachment":[{"href":"https:\/\/animais-avpl.com\/en\/wp-json\/wp\/v2\/media?parent=32622"}],"curies":[{"name":"wp","href":"https:\/\/api.w.org\/{rel}","templated":true}]}}