{"id":29245,"date":"2018-06-17T18:54:27","date_gmt":"2018-06-17T17:54:27","guid":{"rendered":"https:\/\/animais-avpl.com\/advertencia\/"},"modified":"2024-02-08T18:24:23","modified_gmt":"2024-02-08T17:24:23","slug":"warning","status":"publish","type":"page","link":"https:\/\/animais-avpl.com\/en\/warning\/","title":{"rendered":"Warning"},"content":{"rendered":"<div class=\"wpb-content-wrapper\"><p>[vc_row][vc_column][vc_column_text]<\/p>\n<p style=\"text-align: center; font-size: 40px; font-family: 'Montserrat', sans-serif;\"><span style=\"font-weight: bold;\">Termos de utiliza\u00e7\u00e3o<\/span><span style=\"font-weight: lighter;\"> do site da Animais<\/span><\/p>\n<p>[\/vc_column_text]<div class=\"clearboth\"><\/div><style>#thegem-divider-69ea437f32bdf {margin-top: 30px !important;}#thegem-divider-69ea437f32bdf {margin-bottom: 30px !important;}<\/style><div id=\"thegem-divider-69ea437f32bdf\" class=\"gem-divider  \" style=\"\" ><\/div>[vc_column_text]<\/p>\n<p style=\"text-align: center; font-size: 20px; font-family: 'Montserrat', sans-serif;\"><span style=\"font-weight: lighter;\">Por favor leia atentamente os nossos Termos &amp; Condi\u00e7\u00f5es antes de utilizar o nosso website<\/span><\/p>\n<p>[\/vc_column_text]<div class=\"clearboth\"><\/div><style>#thegem-divider-69ea437f32e6f {margin-top: 30px !important;}#thegem-divider-69ea437f32e6f {margin-bottom: 30px !important;}<\/style><div id=\"thegem-divider-69ea437f32e6f\" class=\"gem-divider  \" style=\"\" ><\/div>[vc_column_text]N\u00f3s somos a Animais-avpl e estamos verdadeiramente felizes pela sua visita.[\/vc_column_text][vc_column_text]<\/p>\n<div>Os termos de utiliza\u00e7\u00e3o que se seguem explicam a forma como poder\u00e1 visualizar o nosso website (www.animais-avpl.com.)<\/div>\n<p>[\/vc_column_text][vc_column_text]<\/p>\n<div>Os presentes termos de utiliza\u00e7\u00e3o est\u00e3o afetos aos visitantes do nosso website durante todo o seu per\u00edodo de perman\u00eancia, por esse motivo \u00e9 recomendada a atenta leitura dos termos de utiliza\u00e7\u00e3o antes de se proceder \u00e0 utiliza\u00e7\u00e3o do website.<\/div>\n<p>[\/vc_column_text][vc_column_text]<\/p>\n<div><strong>Se for menor de 18 anos dever\u00e1 pedir a um pai ou tutor que leia estes termos de utiliza\u00e7\u00e3o consigo. <\/strong>Alguns termos ou express\u00f5es utilizados poder\u00e3o ser de dif\u00edcil compreens\u00e3o por parte das crian\u00e7as, \u00e9 por isso importante que um adulto esteja presenta e auxilie na leitura dos seguintes termos de utiliza\u00e7\u00e3o de forma a que possa dar o consentimento sobre a utiliza\u00e7\u00e3o deste website.<\/div>\n<p>[\/vc_column_text][vc_column_text]<\/p>\n<div>Ao utilizar o nosso website (www.animais-avpl.com) confirma que leu e aceitou os os presentes termos de utiliza\u00e7\u00e3o e que concorda em agir de acordo com as regras estabelecidas.<\/div>\n<div>Se n\u00e3o concordar com os termos de utiliza\u00e7\u00e3o apresentados dever\u00e1 abandonar este website.<\/div>\n<p>[\/vc_column_text][vc_column_text]<\/p>\n<div>No caso de menores de 18 anos o consentimento dever\u00e1 ser dado por um pai ou tutor.<\/div>\n<div>Na eventualidade de o pai ou tutor n\u00e3o concordar com os termos de utiliza\u00e7\u00e3o apresentados, dever\u00e1 garantir que a crian\u00e7a abandona o website.<\/div>\n<p>[\/vc_column_text]<div class=\"clearboth\"><\/div><style>#thegem-divider-69ea437f32e9c {margin-top: 30px !important;}#thegem-divider-69ea437f32e9c {margin-bottom: 30px !important;}<\/style><div id=\"thegem-divider-69ea437f32e9c\" class=\"gem-divider  \" style=\"\" ><\/div>[vc_column_text]<\/p>\n<p style=\"font-size: 20px; font-family: 'Montserrat', sans-serif; text-align: left;\"><span style=\"font-weight: lighter;\">Sobre o website<br \/>\n<\/span><\/p>\n<p>[\/vc_column_text][vc_column_text]Este website \u00e9 mantido pela Animais-avpl (&#8220;n\u00f3s&#8221;, &#8220;nosso&#8221;,\u00a0 &#8220;connosco&#8221;).[\/vc_column_text][vc_column_text]Caso tenha alguma d\u00favida ou quest\u00e3o por favor contacte-nos atrav\u00e9s do: <a href=\"mailto:geral@animais-avpl.com\">geral@animais-avpl.com<\/a>.[\/vc_column_text]<div class=\"clearboth\"><\/div><style>#thegem-divider-69ea437f32ec2 {margin-top: 30px !important;}#thegem-divider-69ea437f32ec2 {margin-bottom: 30px !important;}<\/style><div id=\"thegem-divider-69ea437f32ec2\" class=\"gem-divider  \" style=\"\" ><\/div>[vc_column_text]<\/p>\n<p style=\"font-size: 20px; font-family: 'Montserrat', sans-serif; text-align: left;\"><span style=\"font-weight: lighter;\">Direitos sobre o conte\u00fado do website<br \/>\n<\/span><\/p>\n<p>[\/vc_column_text][vc_column_text]N\u00f3s ou os nossos parceiros temos direito e controlo sobre todo o conte\u00fado e propriedade intelectual presente no nosso website, assim como sobre qualquer dado, informa\u00e7\u00e3o ou recurso presento ou acess\u00edvel dentro do nosso website.[\/vc_column_text][vc_column_text]Este website est\u00e1 dispon\u00edvel para a utiliza\u00e7\u00e3o pessoal do utilizador. O website dever\u00e1 ser utilizado exclusivamente para fins leg\u00edtimos e de acordo com os termos de utiliza\u00e7\u00e3o apresentados.[\/vc_column_text][vc_column_text]O utilizador n\u00e3o poder\u00e1 utilizar o website:[\/vc_column_text][vc_column_text]<\/p>\n<ul>\n<li>De nenhum modo que infrinja os termos de utiliza\u00e7\u00e3o apresentados;<\/li>\n<li>De nenhuma forma que infrinja qualquer lei ou regulamenta\u00e7\u00e3o local, nacional ou internacional;<\/li>\n<li>De maneira il\u00edcita ou fraudulenta ou com qualquer prop\u00f3sito il\u00edcito ou fraudulento;<\/li>\n<li>De forma prejudicial ou danosa para qualquer pessoa ou entidade (incluindo este website ou qualquer outro website);<\/li>\n<li>Para enviar ou explorar o envio de qualquer publicidade n\u00e3o solicitada, publicidade n\u00e3o autorizada, material promocional ou qualquer outra forma similar de solicita\u00e7\u00e3o (spam);<\/li>\n<li>Para deliberadamente transmitir, enviar ou carregar qualquer informa\u00e7\u00e3o ou conte\u00fado que contenha v\u00edrus, cavalos de <em>trojan<\/em>, \u201c<em>worms<\/em>\u201d, bombas rel\u00f3gios, rastreadores de toques de teclado, \u201c<em>spyware<\/em>\u201d, \u201c<em>adware<\/em>\u201d ou qualquer outro programa ou c\u00f3digo de computador desenhado para afetar negativamente as opera\u00e7\u00f5es de qualquer software ou hardware do computador ou prejudicar qualquer pessoa ou entidade.<\/li>\n<\/ul>\n<p>[\/vc_column_text][vc_column_text]N\u00e3o \u00e9 igualmente permitida:[\/vc_column_text][vc_column_text]<\/p>\n<ul>\n<li>A utiliza\u00e7\u00e3o de qualquer dispositivo, ferramenta, processo ou m\u00e9todo que permita aceder, adquirir, copiar ou monitorizar qualquer parte do website ou do seu conte\u00fado, ou para obter ou tentar obter qualquer material, documento ou informa\u00e7\u00e3o atrav\u00e9s de qualquer meio n\u00e3o disponibilizado no website;<\/li>\n<li>A tentativa de obter acesso n\u00e3o autorizado a qualquer parte ou funcionalidade do website;<\/li>\n<li>A utiliza\u00e7\u00e3o de qualquer dispositivo, software ou rotina que interfira ou tente interferir com o correto funcionamento do website ou com a utiliza\u00e7\u00e3o do website por parte de outros utilizadores.<\/li>\n<\/ul>\n<p>[\/vc_column_text][vc_column_text]O utilizador n\u00e3o pode tamb\u00e9m:[\/vc_column_text][vc_column_text]<\/p>\n<ul>\n<li>Levar a cabo qualquer a\u00e7\u00e3o que imponha uma sobrecarga \u00e0 infraestrutura do website ou dos sistemas da Animais-avpl ou de qualquer sistema ou rede ligada \u00e0 Animais-avpl;<\/li>\n<li>Utilizar o website ou qualquer um dos seus conte\u00fados para fins ilegais ou proibidos pelos presentes termos de utiliza\u00e7\u00e3o, nem solicitar a realiza\u00e7\u00e3o de qualquer atividade ilegal ou il\u00edcita que infrinja os direitos da Animais-avpl ou de terceiros.<\/li>\n<\/ul>\n<p>[\/vc_column_text][vc_column_text]Tirando o direito \u00e0 cita\u00e7\u00e3o ou em situa\u00e7\u00f5es nas quais o conte\u00fado especifique o contr\u00e1rio, o utilizador n\u00e3o tem direito ou permiss\u00e3o de utiliza\u00e7\u00e3o sobre qualquer conte\u00fado presente no website. Isto significa que o conte\u00fado do website n\u00e3o poder\u00e1 ser utilizado, copiado, reproduzido, representado, exposto, distribu\u00eddo, incorporado, alterado, decomposto, transferido, descarregado, transmitido, monetizado, comercializado ou vendido de qualquer forma sem consentimento pr\u00e9vio por parte dos administradores da Animais-avpl.[\/vc_column_text]<div class=\"clearboth\"><\/div><style>#thegem-divider-69ea437f32edc {margin-top: 30px !important;}#thegem-divider-69ea437f32edc {margin-bottom: 30px !important;}<\/style><div id=\"thegem-divider-69ea437f32edc\" class=\"gem-divider  \" style=\"\" ><\/div>[vc_column_text]<\/p>\n<p style=\"font-size: 20px; font-family: 'Montserrat', sans-serif; text-align: left;\"><span style=\"font-weight: lighter;\">Privacidade<\/span><\/p>\n<p>[\/vc_column_text][vc_column_text]A pol\u00edtica de privacidade da Animais-avpl aplica-se \u00e0 utiliza\u00e7\u00e3o deste website. A pol\u00edtica de privacidade da Animais-avpl pode ser consultada <a href=\"https:\/\/animais-avpl.com\/politica-de-privacidade\/\">aqui<\/a>. Ao utilizar o website da Animais-avpl o utilizador assume e aceita que as transmiss\u00f5es efetuadas na internet nunca s\u00e3o totalmente privadas ou seguras.[\/vc_column_text]<div class=\"clearboth\"><\/div><style>#thegem-divider-69ea437f32ef8 {margin-top: 30px !important;}#thegem-divider-69ea437f32ef8 {margin-bottom: 30px !important;}<\/style><div id=\"thegem-divider-69ea437f32ef8\" class=\"gem-divider  \" style=\"\" ><\/div>[vc_column_text]<\/p>\n<p style=\"font-size: 20px; font-family: 'Montserrat', sans-serif; text-align: left;\"><span style=\"font-weight: lighter;\">Conte\u00fado de Terceiros<br \/>\n<\/span><\/p>\n<p>[\/vc_column_text][vc_column_text]O nosso website pode conter hiperliga\u00e7\u00f5es ou outras refer\u00eancias para websites independentes de terceiros. Estes websites independentes de terceiros s\u00e3o disponibilizados apenas para conveni\u00eancia do utilizador. Estes websites independentes de terceiros n\u00e3o s\u00e3o controlados, monitorizados nem o seu conte\u00fado \u00e9 revisto pela Animais-avpl.<\/p>\n<p>A Animais-avpl n\u00e3o subscreve nem \u00e9 respons\u00e1vel por qualquer informa\u00e7\u00e3o ou conte\u00fado presente nos websites independentes de terceiros. Qualquer intera\u00e7\u00e3o com websites independentes de terceiros \u00e9 da inteira responsabilidade do utilizar e dever\u00e1 seguir os termos de utiliza\u00e7\u00e3o do website independente de terceiros que o utilizador estiver a visitar.[\/vc_column_text]<div class=\"clearboth\"><\/div><style>#thegem-divider-69ea437f32f13 {margin-top: 30px !important;}#thegem-divider-69ea437f32f13 {margin-bottom: 30px !important;}<\/style><div id=\"thegem-divider-69ea437f32f13\" class=\"gem-divider  \" style=\"\" ><\/div>[vc_column_text]<\/p>\n<p style=\"font-size: 20px; font-family: 'Montserrat', sans-serif; text-align: left;\"><span style=\"font-weight: lighter;\">Isen\u00e7\u00e3o de responsabilidades<br \/>\n<\/span><\/p>\n<p>[\/vc_column_text][vc_column_text]A Animais-avpl n\u00e3o garante que as funcionalidades ou conte\u00fados do website estar\u00e3o isentos de erros ou interrup\u00e7\u00f5es, que qualquer erro ser\u00e1 corrigido nem que a utiliza\u00e7\u00e3o do site produzir\u00e1 resultados espec\u00edficos. O website e o seu respetivo conte\u00fado s\u00e3o disponibilizados para consumo particular do utilizador estando todas as informa\u00e7\u00f5es sujeitas a altera\u00e7\u00f5es sem aviso pr\u00e9vio. A Animais-avpl n\u00e3o pode assegurar que qualquer ficheiro ou outro dado transferido do nosso website esteja livre de v\u00edrus, contamina\u00e7\u00e3o ou funcionalidades destrutivas. A Animais-avpl declina toda e qualquer responsabilidade pelas a\u00e7\u00f5es, omiss\u00f5es e condutas de terceiros, associadas ou relacionadas com a utiliza\u00e7\u00e3o do website. O utilizador \u00e9 o \u00fanico respons\u00e1vel pela utiliza\u00e7\u00e3o do website da Animais-avpl e de qualquer website associado. Em caso de insatisfa\u00e7\u00e3o com o website ou qualquer um dos seus conte\u00fados, o utilizador ter\u00e1 como \u00fanico recurso junto da Animais-avpl a interrup\u00e7\u00e3o da utiliza\u00e7\u00e3o do website. Esta limita\u00e7\u00e3o de compensa\u00e7\u00e3o faz parte do acordo entre ambas as partes.[\/vc_column_text][vc_column_text]A exclus\u00e3o acima aplica-se a quaisquer danos, responsabilidades ou preju\u00edzos provocados por falhas de desempenho, erros, omiss\u00f5es, interrup\u00e7\u00f5es, elimina\u00e7\u00f5es, defeitos, atrasos de funcionamento ou transmiss\u00e3o, v\u00edrus inform\u00e1ticos, falhas na linha de comunica\u00e7\u00e3o, roubo, destrui\u00e7\u00e3o ou acesso n\u00e3o autorizado, altera\u00e7\u00e3o ou utiliza\u00e7\u00e3o, quer seja por viola\u00e7\u00e3o de contrato, ato il\u00edcito, neglig\u00eancia ou qualquer outra causa de a\u00e7\u00e3o.[\/vc_column_text]<div class=\"clearboth\"><\/div><style>#thegem-divider-69ea437f32f2a {margin-top: 30px !important;}#thegem-divider-69ea437f32f2a {margin-bottom: 30px !important;}<\/style><div id=\"thegem-divider-69ea437f32f2a\" class=\"gem-divider  \" style=\"\" ><\/div>[vc_column_text]<\/p>\n<p style=\"font-size: 20px; font-family: 'Montserrat', sans-serif; text-align: left;\"><span style=\"font-weight: lighter;\">Acesso e disponibiliza\u00e7\u00e3o do nosso website<br \/>\n<\/span><\/p>\n<p>[\/vc_column_text][vc_column_text]A Animais-avpl reserva-se o direito de modificar ou descontinuar, de forma tempor\u00e1ria ou permanente, o acesso ao website www.animais-avpl.com. Ao utilizar este website concorda que n\u00e3o poder\u00e1 ser punir a Animais-avpl por qualquer modifica\u00e7\u00e3o, suspens\u00e3o ou interrup\u00e7\u00e3o permanente do acesso ao website.[\/vc_column_text][\/vc_column][\/vc_row]<\/p>\n<\/div>","protected":false},"excerpt":{"rendered":"<p>[vc_row][vc_column][vc_column_text] Termos de utiliza\u00e7\u00e3o do site da Animais [\/vc_column_text][vc_column_text] Por favor leia atentamente os nossos Termos &amp; Condi\u00e7\u00f5es antes de&#8230;<\/p>\n","protected":false},"author":2,"featured_media":0,"parent":0,"menu_order":9999,"comment_status":"closed","ping_status":"closed","template":"","meta":{"_acf_changed":false,"footnotes":""},"class_list":["post-29245","page","type-page","status-publish"],"acf":[],"_links":{"self":[{"href":"https:\/\/animais-avpl.com\/en\/wp-json\/wp\/v2\/pages\/29245"}],"collection":[{"href":"https:\/\/animais-avpl.com\/en\/wp-json\/wp\/v2\/pages"}],"about":[{"href":"https:\/\/animais-avpl.com\/en\/wp-json\/wp\/v2\/types\/page"}],"author":[{"embeddable":true,"href":"https:\/\/animais-avpl.com\/en\/wp-json\/wp\/v2\/users\/2"}],"replies":[{"embeddable":true,"href":"https:\/\/animais-avpl.com\/en\/wp-json\/wp\/v2\/comments?post=29245"}],"version-history":[{"count":1,"href":"https:\/\/animais-avpl.com\/en\/wp-json\/wp\/v2\/pages\/29245\/revisions"}],"predecessor-version":[{"id":29246,"href":"https:\/\/animais-avpl.com\/en\/wp-json\/wp\/v2\/pages\/29245\/revisions\/29246"}],"wp:attachment":[{"href":"https:\/\/animais-avpl.com\/en\/wp-json\/wp\/v2\/media?parent=29245"}],"curies":[{"name":"wp","href":"https:\/\/api.w.org\/{rel}","templated":true}]}}